{"id":179,"date":"2019-06-13T11:56:32","date_gmt":"2019-06-13T11:56:32","guid":{"rendered":"https:\/\/www.ararembe.com\/?page_id=179"},"modified":"2019-06-13T11:59:12","modified_gmt":"2019-06-13T11:59:12","slug":"wirbieten","status":"publish","type":"page","link":"https:\/\/www.ararembe.com\/?page_id=179","title":{"rendered":"Wir bieten"},"content":{"rendered":"\t\t<div data-elementor-type=\"wp-post\" data-elementor-id=\"179\" data-post-id=\"179\" data-obj-id=\"179\" class=\"elementor elementor-179 dce-elementor-post-179\">\n\t\t\t\t\t\t<section class=\"elementor-section elementor-top-section elementor-element elementor-element-5736e1c elementor-section-boxed elementor-section-height-default elementor-section-height-default\" data-id=\"5736e1c\" data-element_type=\"section\">\n\t\t\t\t\t\t<div class=\"elementor-container elementor-column-gap-default\">\n\t\t\t\t\t<div class=\"elementor-column elementor-col-100 elementor-top-column elementor-element elementor-element-0bd5965\" data-id=\"0bd5965\" data-element_type=\"column\">\n\t\t\t<div class=\"elementor-widget-wrap elementor-element-populated\">\n\t\t\t\t\t\t<div class=\"elementor-element elementor-element-0701be7 elementor-widget elementor-widget-heading\" data-id=\"0701be7\" data-element_type=\"widget\" data-widget_type=\"heading.default\">\n\t\t\t\t<div class=\"elementor-widget-container\">\n\t\t\t<h2 class=\"elementor-heading-title elementor-size-default\">WIR BIETEN<\/h2>\t\t<\/div>\n\t\t\t\t<\/div>\n\t\t\t\t\t<\/div>\n\t\t<\/div>\n\t\t\t\t\t<\/div>\n\t\t<\/section>\n\t\t\t\t<section class=\"elementor-section elementor-top-section elementor-element elementor-element-be2caf9 elementor-section-boxed elementor-section-height-default elementor-section-height-default\" data-id=\"be2caf9\" data-element_type=\"section\">\n\t\t\t\t\t\t<div class=\"elementor-container elementor-column-gap-default\">\n\t\t\t\t\t<div class=\"elementor-column elementor-col-50 elementor-top-column elementor-element elementor-element-4cdb988\" data-id=\"4cdb988\" data-element_type=\"column\">\n\t\t\t<div class=\"elementor-widget-wrap elementor-element-populated\">\n\t\t\t\t\t\t<div class=\"elementor-element elementor-element-ef4ee6e dce_masking-none elementor-widget elementor-widget-image\" data-id=\"ef4ee6e\" data-element_type=\"widget\" data-widget_type=\"image.default\">\n\t\t\t\t<div class=\"elementor-widget-container\">\n\t\t\t\t\t\t\t\t\t\t\t\t\t<img fetchpriority=\"high\" decoding=\"async\" width=\"424\" height=\"283\" src=\"https:\/\/www.ararembe.com\/wp-content\/uploads\/2018\/06\/Fotolia_111161149_XS.jpg\" class=\"attachment-large size-large wp-image-26\" alt=\"\" srcset=\"https:\/\/www.ararembe.com\/wp-content\/uploads\/2018\/06\/Fotolia_111161149_XS.jpg 424w, https:\/\/www.ararembe.com\/wp-content\/uploads\/2018\/06\/Fotolia_111161149_XS-300x200.jpg 300w\" sizes=\"(max-width: 424px) 100vw, 424px\" \/>\t\t\t\t\t\t\t\t\t\t\t\t\t<\/div>\n\t\t\t\t<\/div>\n\t\t\t\t<div class=\"elementor-element elementor-element-1a157af dce_masking-none elementor-widget elementor-widget-image\" data-id=\"1a157af\" data-element_type=\"widget\" data-widget_type=\"image.default\">\n\t\t\t\t<div class=\"elementor-widget-container\">\n\t\t\t\t\t\t\t\t\t\t\t\t\t<img decoding=\"async\" width=\"438\" height=\"274\" src=\"https:\/\/www.ararembe.com\/wp-content\/uploads\/2018\/06\/Fotolia_207550968_XS.jpg\" class=\"attachment-large size-large wp-image-27\" alt=\"\" srcset=\"https:\/\/www.ararembe.com\/wp-content\/uploads\/2018\/06\/Fotolia_207550968_XS.jpg 438w, https:\/\/www.ararembe.com\/wp-content\/uploads\/2018\/06\/Fotolia_207550968_XS-300x188.jpg 300w\" sizes=\"(max-width: 438px) 100vw, 438px\" \/>\t\t\t\t\t\t\t\t\t\t\t\t\t<\/div>\n\t\t\t\t<\/div>\n\t\t\t\t\t<\/div>\n\t\t<\/div>\n\t\t\t\t<div class=\"elementor-column elementor-col-50 elementor-top-column elementor-element elementor-element-90a00f9\" data-id=\"90a00f9\" data-element_type=\"column\">\n\t\t\t<div class=\"elementor-widget-wrap elementor-element-populated\">\n\t\t\t\t\t\t<div class=\"elementor-element elementor-element-93c1d5e elementor-widget elementor-widget-text-editor\" data-id=\"93c1d5e\" data-element_type=\"widget\" data-widget_type=\"text-editor.default\">\n\t\t\t\t<div class=\"elementor-widget-container\">\n\t\t\t\t\t\t\t<p><strong>Expertenwissen im Bereich Online Marketing<\/strong><\/p><p>Derzeit liegt der Schwerpunkt darauf, Online-Marketer umfassend bei der Erreichung ihrer Marketingziele mit Expertenwissen zu unterst\u00fctzen.<\/p><p>Hierf\u00fcr entwickeln wir qualit\u00e4tsvolle und kreative Produkte, die entsprechendes Experten Know-how vermitteln. Wenn Sie bereit sind, mit uns unkonventionelle Wege zu gehen, k\u00f6nnen auch Sie mit Ihrer Internet-Unternehmung profitieren, indem Sie neue Kunden gewinnen und maximalen Umsatz erzielen!<\/p><p>Ausf\u00fchrliche Beschreibungen unserer Projekte werden in K\u00fcrze auf dieser Seite verf\u00fcgbar sein!<\/p>\t\t\t\t\t\t<\/div>\n\t\t\t\t<\/div>\n\t\t\t\t\t<\/div>\n\t\t<\/div>\n\t\t\t\t\t<\/div>\n\t\t<\/section>\n\t\t\t\t<\/div>\n\t\t","protected":false},"excerpt":{"rendered":"<p>WIR BIETEN Expertenwissen im Bereich Online Marketing Derzeit liegt der Schwerpunkt darauf, Online-Marketer umfassend bei der Erreichung ihrer Marketingziele mit Expertenwissen zu unterst\u00fctzen. Hierf\u00fcr entwickeln wir qualit\u00e4tsvolle und kreative Produkte, die entsprechendes Experten Know-how vermitteln. Wenn Sie bereit sind, mit uns unkonventionelle Wege zu gehen, k\u00f6nnen auch Sie mit Ihrer Internet-Unternehmung profitieren, indem Sie neue [&hellip;]<\/p>\n","protected":false},"author":1,"featured_media":0,"parent":0,"menu_order":0,"comment_status":"closed","ping_status":"closed","template":"","meta":[],"_links":{"self":[{"href":"https:\/\/www.ararembe.com\/index.php?rest_route=\/wp\/v2\/pages\/179"}],"collection":[{"href":"https:\/\/www.ararembe.com\/index.php?rest_route=\/wp\/v2\/pages"}],"about":[{"href":"https:\/\/www.ararembe.com\/index.php?rest_route=\/wp\/v2\/types\/page"}],"author":[{"embeddable":true,"href":"https:\/\/www.ararembe.com\/index.php?rest_route=\/wp\/v2\/users\/1"}],"replies":[{"embeddable":true,"href":"https:\/\/www.ararembe.com\/index.php?rest_route=%2Fwp%2Fv2%2Fcomments&post=179"}],"version-history":[{"count":4,"href":"https:\/\/www.ararembe.com\/index.php?rest_route=\/wp\/v2\/pages\/179\/revisions"}],"predecessor-version":[{"id":183,"href":"https:\/\/www.ararembe.com\/index.php?rest_route=\/wp\/v2\/pages\/179\/revisions\/183"}],"wp:attachment":[{"href":"https:\/\/www.ararembe.com\/index.php?rest_route=%2Fwp%2Fv2%2Fmedia&parent=179"}],"curies":[{"name":"wp","href":"https:\/\/api.w.org\/{rel}","templated":true}]}}